{"id":250,"date":"2023-10-12T09:49:58","date_gmt":"2023-10-12T07:49:58","guid":{"rendered":"https:\/\/restaurantcalice.fr\/?page_id=250"},"modified":"2024-07-10T14:32:41","modified_gmt":"2024-07-10T12:32:41","slug":"mentions-legales","status":"publish","type":"page","link":"https:\/\/restaurantcalice.fr\/en\/mentions-legales\/","title":{"rendered":"Legal Notice"},"content":{"rendered":"<div data-elementor-type=\"wp-page\" data-elementor-id=\"250\" class=\"elementor elementor-250\" data-elementor-post-type=\"page\">\n\t\t\t\t\t\t<section class=\"elementor-section elementor-top-section elementor-element elementor-element-abb1ba0 elementor-section-boxed elementor-section-height-default elementor-section-height-default\" data-id=\"abb1ba0\" data-element_type=\"section\" data-e-type=\"section\">\n\t\t\t\t\t\t<div class=\"elementor-container elementor-column-gap-default\">\n\t\t\t\t\t<div class=\"elementor-column elementor-col-100 elementor-top-column elementor-element elementor-element-9c1dfab\" data-id=\"9c1dfab\" data-element_type=\"column\" data-e-type=\"column\">\n\t\t\t<div class=\"elementor-widget-wrap elementor-element-populated\">\n\t\t\t\t\t\t<div class=\"elementor-element elementor-element-827a9bd elementor-widget elementor-widget-heading\" data-id=\"827a9bd\" data-element_type=\"widget\" data-e-type=\"widget\" data-widget_type=\"heading.default\">\n\t\t\t\t<div class=\"elementor-widget-container\">\n\t\t\t\t\t<h2 class=\"elementor-heading-title elementor-size-default\">Legal Notice<\/h2>\t\t\t\t<\/div>\n\t\t\t\t<\/div>\n\t\t\t\t<div class=\"elementor-element elementor-element-481433b elementor-widget elementor-widget-text-editor\" data-id=\"481433b\" data-element_type=\"widget\" data-e-type=\"widget\" data-widget_type=\"text-editor.default\">\n\t\t\t\t<div class=\"elementor-widget-container\">\n\t\t\t\t\t\t\t\t\t<p><strong>SITE,\u00a0CI-APR\u00c8S \u00ab\u00a0LE SITE\u00a0\u00bb<\/strong><\/p><p>www.restaurantcalice.fr<\/p><p>\u00a0<\/p><p><strong>DIRECTEUR DE PUBLICATION DU SITE<\/strong><\/p><p>Madame Lydie Toledano<\/p><p>\u00a0<\/p><p><strong>EDITEUR DU SITE, CI-APR\u00c8S \u00ab\u00a0L\u2019EDITEUR\u00a0\u00bb<\/strong><\/p><p>R2C<br \/>SARL unipersonnelle au capital de 1.000 euros,<br \/>dont le si\u00e8ge social est 2 bd Duguesclin, 34500 B\u00e9ziers,<\/p><p>immatricul\u00e9e au RCS de BEZIERS sous le num\u00e9ro 878\u00a0724 855<\/p><p>\u00a0<\/p><p><strong>CONCEPTION ET R\u00c9ALISATION DU SITE, CI-APR\u00c8S \u00ab\u00a0LE R\u00c9ALISATEUR\u00a0\u00bb<\/strong><\/p><p>CREATIVO<br \/>SARL au capital de 1.000 euros,<br \/>dont le si\u00e8ge social est \u00e0 BEZIERS (34500), 40 rue Fran\u00e7aise, immatricul\u00e9e au RCS de BEZIERS sous le num\u00e9ro 535 048\u00a0508<\/p><p>contact@agencecreativo.com<\/p><p>\u00a0<\/p><p><strong>H\u00c9BERGEMENT DU SITE<\/strong><\/p><p>OVH<br \/>SAS au capital de 10.000.000 euros<br \/>Code APE 6202A<br \/>dont le si\u00e8ge social est \u00e0 ROUBAIX (59100), rue Kellermann n\u00b02, immatricul\u00e9e au RCS de ROUBAIX-TOURCOING sous le num\u00e9ro 424 761 419<\/p><p>\u00a0<\/p><p><strong>GROUPE LJ Hotels &amp; Co<\/strong><\/p><p>Le Groupe LJ Hotels &amp; CO est compos\u00e9 de plusieurs structures\u00a0: l\u2019h\u00f4tel In Situ****, l\u2019H\u00f4tel Particulier****, l\u2019h\u00f4tel le XIX***, l\u2019h\u00f4tel Imperator***, le restaurant Pica-Pica, le restaurant Calice, le Ch\u00e2teau de Lignan et l\u2019H\u00f4tel Imperator***. Les diff\u00e9rents termes employ\u00e9s sur le site tels que \u00ab\u00a0Groupe\u00a0\u00bb, \u00ab\u00a0Groupe LJ\u00a0\u00bb, sont utilis\u00e9s pour faciliter la communication des informations sur le site et pour pr\u00e9senter les structures du Groupe.<\/p><p>\u00a0<\/p><p><strong>ARTICLE 1 \u2013 CONTENU DU SITE<\/strong><\/p><p>Toutes les marques, photographies, textes, commentaires, illustrations, images anim\u00e9es ou non, s\u00e9quences vid\u00e9o, sons, ainsi que toutes les applications informatiques qui pourraient \u00eatre utilis\u00e9es pour faire fonctionner ce Site et plus g\u00e9n\u00e9ralement tous les \u00e9l\u00e9ments reproduits ou utilis\u00e9s sur le Site sont prot\u00e9g\u00e9s par les lois en vigueur au titre de la propri\u00e9t\u00e9 intellectuelle. Ils sont la propri\u00e9t\u00e9 pleine et enti\u00e8re de l\u2019\u00c9diteur ou de ses partenaires.<\/p><p>Toute reproduction, repr\u00e9sentation, utilisation ou adaptation, sous quelque forme que ce soit, de tout ou partie de ces \u00e9l\u00e9ments, y compris les applications informatiques, sans l\u2019accord pr\u00e9alable et \u00e9crit de l\u2019\u00c9diteur, sont strictement interdites. Le fait pour l\u2019\u00c9diteur de ne pas engager de proc\u00e9dure d\u00e8s la prise de connaissance de ces utilisations non autoris\u00e9es ne vaut pas acceptation desdites utilisations et renonciation aux poursuites.<\/p><p><strong>ARTICLE 2 \u2013 GESTION DU SITE<\/strong><\/p><p>Pour la bonne gestion du site, l\u2019\u00c9diteur pourra \u00e0 tout moment\u00a0:<\/p><ul><li>Suspendre, interrompre ou limiter l\u2019acc\u00e8s \u00e0 tout ou partie du Site, r\u00e9server l\u2019acc\u00e8s au Site, ou \u00e0 certaines parties du Site, \u00e0 une cat\u00e9gorie d\u00e9termin\u00e9e d\u2019internaute ;<\/li><li>Supprimer toute information pouvant en perturber le fonctionnement ou entrant en\u00a0contravention avec les lois nationales ou internationales ;<\/li><li>Suspendre le Site afin de proc\u00e9der \u00e0 des mises \u00e0 jour.<\/li><\/ul><p>\u00a0<\/p><p><strong>ARTICLE 3 \u2013 RESPONSABILIT\u00c9S<\/strong><\/p><p>La responsabilit\u00e9 de l\u2019\u00c9diteur ne peut \u00eatre engag\u00e9e en cas de d\u00e9faillance, panne, difficult\u00e9 ou interruption de fonctionnement, emp\u00eachant l\u2019acc\u00e8s au Site ou \u00e0 une de ses fonctionnalit\u00e9s.<\/p><p>Le mat\u00e9riel de connexion au Site que vous utilisez est sous votre enti\u00e8re responsabilit\u00e9. Vous devez prendre toutes les mesures appropri\u00e9es pour prot\u00e9ger votre mat\u00e9riel et vos propres donn\u00e9es notamment d\u2019attaques virales par Internet. Vous \u00eates par ailleurs le seul responsable des sites et donn\u00e9es que vous consultez.<\/p><p>L\u2019\u00c9diteur ne pourra \u00eatre tenu responsable en cas de poursuites judiciaires \u00e0 votre encontre :<\/p><ul><li>du fait de l\u2019usage du Site ou de tout service accessible via Internet ;<\/li><li>du fait du non-respect par vous des pr\u00e9sentes conditions d\u2019utilisation.<\/li><\/ul><p>L&rsquo;\u00c9diteur n&rsquo;est pas responsable des dommages caus\u00e9s \u00e0 vous-m\u00eame, \u00e0 des tiers et\/ou \u00e0 votre \u00e9quipement (ordinateur, logiciel\u00a0\u2026) du fait de votre connexion ou de votre utilisation du Site et vous renoncez \u00e0 toute action contre lui de ce fait.<\/p><p>\u00a0<\/p><p><strong>ARTICLE 4 \u2013 LIENS HYPERTEXTES<\/strong><\/p><p>Le R\u00e9alisateur et l\u2019\u00c9diteur du Site d\u00e9clinent toute responsabilit\u00e9 quant \u00e0 toute information rendue accessible depuis le Site via un lien quel qu\u2019il soit, lesdites informations n\u2019\u00e9tant pas sous leur contr\u00f4le.<\/p><p>Il vous est strictement interdit de mettre en place tous liens hypertextes vers tout ou partie du Site, sauf autorisation pr\u00e9alable et \u00e9crite de l\u2019\u00c9diteur.<\/p><p>L\u2019\u00c9diteur est libre de refuser cette autorisation sans avoir \u00e0 justifier de quelque mani\u00e8re que ce soit sa d\u00e9cision. Dans le cas o\u00f9 l\u2019\u00c9diteur accorderait son autorisation, celle-ci n\u2019est dans tous les cas que temporaire et pourra \u00eatre retir\u00e9e \u00e0 tout moment, sans obligation de justification.<\/p><p>Dans tous les cas, tout lien devra \u00eatre retir\u00e9 sur simple demande de l\u2019\u00c9diteur.<\/p><p>\u00a0<\/p><p><strong>ARTICLE 5 \u2013 COLLECTE DE DONN\u00c9ES<\/strong><\/p><p>5.1 Identit\u00e9 du responsable de traitement (et coordonn\u00e9es de son repr\u00e9sentant)<\/p><p>Le restaurant Calice est impliqu\u00e9 dans la protection des donn\u00e9es personnelles des utilisateurs de ce site et respectent la vie priv\u00e9e de ceux-ci. Les informations que vous communiquerez sont exclusivement destin\u00e9es \u00e0 l\u2019\u00c9diteur et ne seront jamais utilis\u00e9es \u00e0 d\u2019autres fins que celles pour lesquelles vous les avez communiqu\u00e9es.<\/p><p>Lorsque des donn\u00e9es sont trait\u00e9es suite \u00e0 l\u2019utilisation de ce site, le responsable de traitement des donn\u00e9es est la soci\u00e9t\u00e9 R2C, 2 bd Duguesclin, 34500 B\u00e9ziers.\u00a0<\/p><p>5.2 Finalit\u00e9s et bases l\u00e9gales de traitement, dur\u00e9e de conservation et destinataires des donn\u00e9es<\/p><table><tbody><tr><td><p><strong>Finalit\u00e9<\/strong><\/p><\/td><td><p><strong>Fondement juridique<\/strong><\/p><\/td><td><p><strong>Dur\u00e9e de conservation<\/strong><\/p><\/td><td><p><strong>Destinataire des donn\u00e9es<\/strong><\/p><\/td><td><p><strong>Donn\u00e9es collect\u00e9es<\/strong><\/p><\/td><\/tr><tr><td><p>R\u00e9pondre aux demandes de renseignements et de r\u00e9servations laiss\u00e9es dans le formulaire de contact et satisfaire \u00e0 celles-ci<\/p><\/td><td><p>N\u00e9cessit\u00e9 du traitement pour l\u2019ex\u00e9cution d\u2019un contrat\u00a0\u00a0<\/p><p>Int\u00e9r\u00eat l\u00e9gitime de la soci\u00e9t\u00e9 R2C d\u2019offrir l\u2019assistance requise<\/p><\/td><td><p>Dur\u00e9e de traitement de votre requ\u00eate plus un d\u00e9lai de 2 ans uniquement pour les donn\u00e9es pr\u00e9sentant un int\u00e9r\u00eat administratif<\/p><\/td><td><p>Zen Chef (logiciel de r\u00e9servation en ligne) et r\u00e9ception du restaurant<\/p><\/td><td><p>Nom, pr\u00e9nom, adresse email, num\u00e9ro de t\u00e9l\u00e9phone ainsi que tout autre information donn\u00e9e par l\u2019utilisateur dans les zones de commentaires libres<\/p><\/td><\/tr><\/tbody><\/table><p>5.3 Destinataires et divulgation des donn\u00e9es personnelles\u00a0<\/p><p>En sus des destinataires \u00e9nonc\u00e9s, et dans la limite des finalit\u00e9s ci-dessus, les donn\u00e9es personnelles recueillies pourront \u00eatre transmises :<\/p><ul><li>Aux filiales du Groupe LJ\u00a0en ayant besoin;<\/li><li>Au service communication du Groupe LJ\u00a0;<\/li><li>Aux fournisseurs de services tiers du Groupe LJ tels que l\u2019h\u00e9bergement de sites Web, les services informatiques, l\u2019analyse de donn\u00e9es\u00a0;<\/li><li>\u00c0 un tiers dans le cadre d\u2019un changement de structure de la soci\u00e9t\u00e9, quel qu\u2019il soit.<\/li><\/ul><p>5.4 S\u00e9curit\u00e9 des donn\u00e9es personnelles\u00a0<\/p><p>L\u2019\u00c9diteur s\u2019emploie \u00e0 garantir la s\u00e9curit\u00e9 des donn\u00e9es personnelles qui lui sont transmises.<\/p><p>5.5 Utilisation du site par les enfants\u00a0<\/p><p>Les mineurs de moins de 18 ans ne sont pas suppos\u00e9s utiliser le site, l\u2019\u00c9diteur n\u2019est par cons\u00e9quent pas amen\u00e9 \u00e0 collecter les donn\u00e9es personnelles de ceux-ci.<\/p><p>\u00a0\u00a0\u00a0\u00a0\u00a0\u00a0\u00a0\u00a0\u00a0\u00a0\u00a0 5.6 Transfert des donn\u00e9es personnelles transfrontalier\u00a0<\/p><p>Les donn\u00e9es personnelles des utilisateurs de ce site ne seront pas transf\u00e9r\u00e9es en dehors de l\u2019Union Europ\u00e9enne.<\/p><p>5.7 Traitement de donn\u00e9es sensibles\u00a0<\/p><p>L\u2019\u00c9diteur ne collecte aucune donn\u00e9es sensibles, entendues comme des donn\u00e9es relatives \u00e0 l\u2019origine raciale ou ethnique, aux opinions politiques, philosophiques ou religieuses ou l\u2019appartenance syndicale des personnes, ou qui sont relatives \u00e0 la sant\u00e9 ou \u00e0 la vie sexuelle de celles-ci.<\/p><p>\u00a0\u00a0\u00a0\u00a0\u00a0\u00a0\u00a0\u00a0\u00a0\u00a0\u00a0 5.8 Cookies<\/p><p>Il peut \u00eatre proc\u00e9d\u00e9 \u00e0 l\u2019implantation de \u00ab\u00a0cookies\u00a0\u00bb sur le mat\u00e9riel des utilisateurs de ce site. Un cookie ne permet pas \u00e0 l\u2019\u00c9diteur d\u2019identifier les utilisateurs.<\/p><p>Vous pouvez vous opposer \u00e0 l\u2019enregistrement des cookies en configurant votre navigateur en cons\u00e9quence.<\/p><p>\u00a0\u00a0\u00a0\u00a0\u00a0\u00a0\u00a0\u00a0\u00a0\u00a0\u00a0 5.9 Droits des utilisateurs<\/p><p>Conform\u00e9ment \u00e0 la r\u00e8glementation applicable relative \u00e0 la protection des donn\u00e9es personnelles, notamment la Loi n\u00b078-17 du 6 janvier 2078 et le R\u00e8glement (UE) 2016\/679 du Parlement Europ\u00e9en et du Conseil du 27 avril 2016 relatif \u00e0 la protection des personnes physiques \u00e0 l\u2019\u00e9gard du traitement des donn\u00e9es \u00e0 caract\u00e8re personnel et \u00e0 la libre circulation de ces donn\u00e9es, les utilisateurs de ce site disposent d\u2019un droit d\u2019acc\u00e8s, de rectification, de mise \u00e0 jour et d\u2019effacement des donn\u00e9es personnelles qui les concernent. Ils disposent \u00e9galement du droit d\u2019opposition au traitement de ses donn\u00e9es personnelles et dans certaines conditions, du droit \u00e0 la portabilit\u00e9 de celles-ci.<\/p><p>Les utilisateurs b\u00e9n\u00e9ficient enfin du droit de donner des directives sur le sort de ses donn\u00e9es apr\u00e8s leur d\u00e9c\u00e8s.<\/p><p>Vous pouvez exercer ces droits \u00e0 tout moment aupr\u00e8s de l&rsquo;\u00c9diteur, soit par courrier postal, soit par courriel \u00e0 l\u2019adresse\u00a0: ContactRGPD@ljhotelsco.fr, soit par courrier \u00e0 l\u2019adresse postale suivante\u00a0:<\/p><p>\u00a0<\/p><p>R2C<\/p><p>D\u00e9partement RGPD<\/p><p>2 bd Duguesclin<\/p><p>34500 B\u00e9ziers<\/p><p>\u00a0<\/p><p>Pour des raisons de s\u00e9curit\u00e9 et \u00e9viter toute demande frauduleuse, cette demande devra \u00eatre accompagn\u00e9e d&rsquo;un justificatif d&rsquo;identit\u00e9. Apr\u00e8s traitement de la demande ce justificatif sera d\u00e9truit.<\/p><p>Si vous estimez, apr\u00e8s nous avoir contact\u00e9s, que vos droits Informatique et Libert\u00e9s ne sont pas respect\u00e9s, vous pouvez adresser une r\u00e9clamation aupr\u00e8s de l&rsquo;autorit\u00e9 de contr\u00f4le concern\u00e9e.<\/p>\t\t\t\t\t\t\t\t<\/div>\n\t\t\t\t<\/div>\n\t\t\t\t\t<\/div>\n\t\t<\/div>\n\t\t\t\t\t<\/div>\n\t\t<\/section>\n\t\t\t\t<\/div>","protected":false},"excerpt":{"rendered":"<p>Mentions l\u00e9gales SITE,\u00a0CI-APR\u00c8S \u00ab\u00a0LE SITE\u00a0\u00bb www.restaurantcalice.fr \u00a0 DIRECTEUR DE PUBLICATION DU SITE Madame Lydie Toledano \u00a0 EDITEUR DU SITE, CI-APR\u00c8S \u00ab\u00a0L\u2019EDITEUR\u00a0\u00bb R2CSARL unipersonnelle au capital de 1.000 euros,dont le si\u00e8ge social est 2 bd Duguesclin, 34500 B\u00e9ziers, immatricul\u00e9e au RCS de BEZIERS sous le num\u00e9ro 878\u00a0724 855 \u00a0 CONCEPTION ET R\u00c9ALISATION DU SITE, CI-APR\u00c8S \u00ab\u00a0LE [&hellip;]<\/p>\n","protected":false},"author":1,"featured_media":0,"parent":0,"menu_order":0,"comment_status":"closed","ping_status":"closed","template":"","meta":{"footnotes":""},"class_list":["post-250","page","type-page","status-publish","hentry"],"yoast_head":"<!-- This site is optimized with the Yoast SEO plugin v27.4 - https:\/\/yoast.com\/product\/yoast-seo-wordpress\/ -->\n<title>CALICE | Mentions l\u00e9gales<\/title>\n<meta name=\"description\" content=\"Restaurant gastronomique \u00e0 B\u00e9ziers, dirig\u00e9 par le chef Stephan Paroche, accompagn\u00e9 de Justine Viano, \u00e9toil\u00e9 depuis 2024.\" \/>\n<meta name=\"robots\" content=\"index, follow, max-snippet:-1, max-image-preview:large, max-video-preview:-1\" \/>\n<link rel=\"canonical\" href=\"https:\/\/restaurantcalice.fr\/en\/mentions-legales\/\" \/>\n<meta property=\"og:locale\" content=\"en_GB\" \/>\n<meta property=\"og:type\" content=\"article\" \/>\n<meta property=\"og:title\" content=\"CALICE | Mentions l\u00e9gales\" \/>\n<meta property=\"og:description\" content=\"Restaurant gastronomique \u00e0 B\u00e9ziers, dirig\u00e9 par le chef Stephan Paroche, accompagn\u00e9 de Justine Viano, \u00e9toil\u00e9 depuis 2024.\" \/>\n<meta property=\"og:url\" content=\"https:\/\/restaurantcalice.fr\/en\/mentions-legales\/\" \/>\n<meta property=\"og:site_name\" content=\"CALICE\" \/>\n<meta property=\"article:modified_time\" content=\"2024-07-10T12:32:41+00:00\" \/>\n<meta property=\"og:image\" content=\"https:\/\/restaurantcalice.fr\/wp-content\/uploads\/2023\/10\/facebook.png\" \/>\n\t<meta property=\"og:image:width\" content=\"1200\" \/>\n\t<meta property=\"og:image:height\" content=\"675\" \/>\n\t<meta property=\"og:image:type\" content=\"image\/png\" \/>\n<meta name=\"twitter:card\" content=\"summary_large_image\" \/>\n<meta name=\"twitter:label1\" content=\"Estimated reading time\" \/>\n\t<meta name=\"twitter:data1\" content=\"7 minutes\" \/>\n<script type=\"application\/ld+json\" class=\"yoast-schema-graph\">{\"@context\":\"https:\\\/\\\/schema.org\",\"@graph\":[{\"@type\":\"WebPage\",\"@id\":\"https:\\\/\\\/restaurantcalice.fr\\\/mentions-legales\\\/\",\"url\":\"https:\\\/\\\/restaurantcalice.fr\\\/mentions-legales\\\/\",\"name\":\"CALICE | Mentions l\u00e9gales\",\"isPartOf\":{\"@id\":\"https:\\\/\\\/restaurantcalice.fr\\\/#website\"},\"datePublished\":\"2023-10-12T07:49:58+00:00\",\"dateModified\":\"2024-07-10T12:32:41+00:00\",\"description\":\"Restaurant gastronomique \u00e0 B\u00e9ziers, dirig\u00e9 par le chef Stephan Paroche, accompagn\u00e9 de Justine Viano, \u00e9toil\u00e9 depuis 2024.\",\"breadcrumb\":{\"@id\":\"https:\\\/\\\/restaurantcalice.fr\\\/mentions-legales\\\/#breadcrumb\"},\"inLanguage\":\"en-GB\",\"potentialAction\":[{\"@type\":\"ReadAction\",\"target\":[\"https:\\\/\\\/restaurantcalice.fr\\\/mentions-legales\\\/\"]}]},{\"@type\":\"BreadcrumbList\",\"@id\":\"https:\\\/\\\/restaurantcalice.fr\\\/mentions-legales\\\/#breadcrumb\",\"itemListElement\":[{\"@type\":\"ListItem\",\"position\":1,\"name\":\"Accueil\",\"item\":\"https:\\\/\\\/restaurantcalice.fr\\\/\"},{\"@type\":\"ListItem\",\"position\":2,\"name\":\"Mentions l\u00e9gales\"}]},{\"@type\":\"WebSite\",\"@id\":\"https:\\\/\\\/restaurantcalice.fr\\\/#website\",\"url\":\"https:\\\/\\\/restaurantcalice.fr\\\/\",\"name\":\"CALICE\",\"description\":\"Restaurant gastronomique 1 \u00e9toile \u00e0 B\u00e9ziers\",\"publisher\":{\"@id\":\"https:\\\/\\\/restaurantcalice.fr\\\/#organization\"},\"alternateName\":\"Restaurant gastronomique 1 \u00e9toile \u00e0 B\u00e9ziers\",\"potentialAction\":[{\"@type\":\"SearchAction\",\"target\":{\"@type\":\"EntryPoint\",\"urlTemplate\":\"https:\\\/\\\/restaurantcalice.fr\\\/?s={search_term_string}\"},\"query-input\":{\"@type\":\"PropertyValueSpecification\",\"valueRequired\":true,\"valueName\":\"search_term_string\"}}],\"inLanguage\":\"en-GB\"},{\"@type\":\"Organization\",\"@id\":\"https:\\\/\\\/restaurantcalice.fr\\\/#organization\",\"name\":\"CALICE\",\"url\":\"https:\\\/\\\/restaurantcalice.fr\\\/\",\"logo\":{\"@type\":\"ImageObject\",\"inLanguage\":\"en-GB\",\"@id\":\"https:\\\/\\\/restaurantcalice.fr\\\/#\\\/schema\\\/logo\\\/image\\\/\",\"url\":\"https:\\\/\\\/restaurantcalice.fr\\\/wp-content\\\/uploads\\\/2023\\\/09\\\/logo-calice-2.png\",\"contentUrl\":\"https:\\\/\\\/restaurantcalice.fr\\\/wp-content\\\/uploads\\\/2023\\\/09\\\/logo-calice-2.png\",\"width\":2500,\"height\":2500,\"caption\":\"CALICE\"},\"image\":{\"@id\":\"https:\\\/\\\/restaurantcalice.fr\\\/#\\\/schema\\\/logo\\\/image\\\/\"}}]}<\/script>\n<!-- \/ Yoast SEO plugin. -->","yoast_head_json":{"title":"CALICE | Mentions l\u00e9gales","description":"Restaurant gastronomique \u00e0 B\u00e9ziers, dirig\u00e9 par le chef Stephan Paroche, accompagn\u00e9 de Justine Viano, \u00e9toil\u00e9 depuis 2024.","robots":{"index":"index","follow":"follow","max-snippet":"max-snippet:-1","max-image-preview":"max-image-preview:large","max-video-preview":"max-video-preview:-1"},"canonical":"https:\/\/restaurantcalice.fr\/en\/mentions-legales\/","og_locale":"en_GB","og_type":"article","og_title":"CALICE | Mentions l\u00e9gales","og_description":"Restaurant gastronomique \u00e0 B\u00e9ziers, dirig\u00e9 par le chef Stephan Paroche, accompagn\u00e9 de Justine Viano, \u00e9toil\u00e9 depuis 2024.","og_url":"https:\/\/restaurantcalice.fr\/en\/mentions-legales\/","og_site_name":"CALICE","article_modified_time":"2024-07-10T12:32:41+00:00","og_image":[{"width":1200,"height":675,"url":"https:\/\/restaurantcalice.fr\/wp-content\/uploads\/2023\/10\/facebook.png","type":"image\/png"}],"twitter_card":"summary_large_image","twitter_misc":{"Estimated reading time":"7 minutes"},"schema":{"@context":"https:\/\/schema.org","@graph":[{"@type":"WebPage","@id":"https:\/\/restaurantcalice.fr\/mentions-legales\/","url":"https:\/\/restaurantcalice.fr\/mentions-legales\/","name":"CALICE | Mentions l\u00e9gales","isPartOf":{"@id":"https:\/\/restaurantcalice.fr\/#website"},"datePublished":"2023-10-12T07:49:58+00:00","dateModified":"2024-07-10T12:32:41+00:00","description":"Restaurant gastronomique \u00e0 B\u00e9ziers, dirig\u00e9 par le chef Stephan Paroche, accompagn\u00e9 de Justine Viano, \u00e9toil\u00e9 depuis 2024.","breadcrumb":{"@id":"https:\/\/restaurantcalice.fr\/mentions-legales\/#breadcrumb"},"inLanguage":"en-GB","potentialAction":[{"@type":"ReadAction","target":["https:\/\/restaurantcalice.fr\/mentions-legales\/"]}]},{"@type":"BreadcrumbList","@id":"https:\/\/restaurantcalice.fr\/mentions-legales\/#breadcrumb","itemListElement":[{"@type":"ListItem","position":1,"name":"Accueil","item":"https:\/\/restaurantcalice.fr\/"},{"@type":"ListItem","position":2,"name":"Mentions l\u00e9gales"}]},{"@type":"WebSite","@id":"https:\/\/restaurantcalice.fr\/#website","url":"https:\/\/restaurantcalice.fr\/","name":"CALICE","description":"Restaurant gastronomique 1 \u00e9toile \u00e0 B\u00e9ziers","publisher":{"@id":"https:\/\/restaurantcalice.fr\/#organization"},"alternateName":"Restaurant gastronomique 1 \u00e9toile \u00e0 B\u00e9ziers","potentialAction":[{"@type":"SearchAction","target":{"@type":"EntryPoint","urlTemplate":"https:\/\/restaurantcalice.fr\/?s={search_term_string}"},"query-input":{"@type":"PropertyValueSpecification","valueRequired":true,"valueName":"search_term_string"}}],"inLanguage":"en-GB"},{"@type":"Organization","@id":"https:\/\/restaurantcalice.fr\/#organization","name":"CALICE","url":"https:\/\/restaurantcalice.fr\/","logo":{"@type":"ImageObject","inLanguage":"en-GB","@id":"https:\/\/restaurantcalice.fr\/#\/schema\/logo\/image\/","url":"https:\/\/restaurantcalice.fr\/wp-content\/uploads\/2023\/09\/logo-calice-2.png","contentUrl":"https:\/\/restaurantcalice.fr\/wp-content\/uploads\/2023\/09\/logo-calice-2.png","width":2500,"height":2500,"caption":"CALICE"},"image":{"@id":"https:\/\/restaurantcalice.fr\/#\/schema\/logo\/image\/"}}]}},"_links":{"self":[{"href":"https:\/\/restaurantcalice.fr\/en\/wp-json\/wp\/v2\/pages\/250","targetHints":{"allow":["GET"]}}],"collection":[{"href":"https:\/\/restaurantcalice.fr\/en\/wp-json\/wp\/v2\/pages"}],"about":[{"href":"https:\/\/restaurantcalice.fr\/en\/wp-json\/wp\/v2\/types\/page"}],"author":[{"embeddable":true,"href":"https:\/\/restaurantcalice.fr\/en\/wp-json\/wp\/v2\/users\/1"}],"replies":[{"embeddable":true,"href":"https:\/\/restaurantcalice.fr\/en\/wp-json\/wp\/v2\/comments?post=250"}],"version-history":[{"count":10,"href":"https:\/\/restaurantcalice.fr\/en\/wp-json\/wp\/v2\/pages\/250\/revisions"}],"predecessor-version":[{"id":1078,"href":"https:\/\/restaurantcalice.fr\/en\/wp-json\/wp\/v2\/pages\/250\/revisions\/1078"}],"wp:attachment":[{"href":"https:\/\/restaurantcalice.fr\/en\/wp-json\/wp\/v2\/media?parent=250"}],"curies":[{"name":"wp","href":"https:\/\/api.w.org\/{rel}","templated":true}]}}