{"id":400,"date":"2024-03-18T16:47:30","date_gmt":"2024-03-18T15:47:30","guid":{"rendered":"https:\/\/restaurantcalice.fr\/?page_id=400"},"modified":"2025-04-09T16:03:52","modified_gmt":"2025-04-09T14:03:52","slug":"reservation","status":"publish","type":"page","link":"https:\/\/restaurantcalice.fr\/en\/reservation\/","title":{"rendered":"Book a table"},"content":{"rendered":"<div data-elementor-type=\"wp-page\" data-elementor-id=\"400\" class=\"elementor elementor-400\" data-elementor-post-type=\"page\">\n\t\t\t\t\t\t<section class=\"elementor-section elementor-top-section elementor-element elementor-element-b5ba699 elementor-section-boxed elementor-section-height-default elementor-section-height-default\" data-id=\"b5ba699\" data-element_type=\"section\" data-e-type=\"section\">\n\t\t\t\t\t\t<div class=\"elementor-container elementor-column-gap-default\">\n\t\t\t\t\t<div class=\"elementor-column elementor-col-100 elementor-top-column elementor-element elementor-element-cc3d782\" data-id=\"cc3d782\" data-element_type=\"column\" data-e-type=\"column\">\n\t\t\t<div class=\"elementor-widget-wrap elementor-element-populated\">\n\t\t\t\t\t\t<div class=\"elementor-element elementor-element-b476f2f elementor-widget elementor-widget-heading\" data-id=\"b476f2f\" data-element_type=\"widget\" data-e-type=\"widget\" data-widget_type=\"heading.default\">\n\t\t\t\t<div class=\"elementor-widget-container\">\n\t\t\t\t\t<h2 class=\"elementor-heading-title elementor-size-default\">Book a table<\/h2>\t\t\t\t<\/div>\n\t\t\t\t<\/div>\n\t\t\t\t<div class=\"elementor-element elementor-element-5379a90 elementor-widget elementor-widget-html\" data-id=\"5379a90\" data-element_type=\"widget\" data-e-type=\"widget\" data-widget_type=\"html.default\">\n\t\t\t\t<div class=\"elementor-widget-container\">\n\t\t\t\t\t<iframe src='https:\/\/bookings.zenchef.com\/results?rid=360594&fullscreen=1' frameborder='0' scrolling='yes' width='100%' height='630' style='display: block; margin: 0 auto; max-width: 600px; height:800px;'><\/iframe>\t\t\t\t<\/div>\n\t\t\t\t<\/div>\n\t\t\t\t\t<\/div>\n\t\t<\/div>\n\t\t\t\t\t<\/div>\n\t\t<\/section>\n\t\t\t\t<\/div>","protected":false},"excerpt":{"rendered":"<p>Book a table<\/p>","protected":false},"author":1,"featured_media":0,"parent":0,"menu_order":0,"comment_status":"closed","ping_status":"closed","template":"","meta":{"footnotes":""},"class_list":["post-400","page","type-page","status-publish","hentry"],"yoast_head":"<!-- This site is optimized with the Yoast SEO plugin v27.4 - https:\/\/yoast.com\/product\/yoast-seo-wordpress\/ -->\n<title>CALICE | R\u00e9servation<\/title>\n<meta name=\"description\" content=\"Restaurant gastronomique \u00e0 B\u00e9ziers, dirig\u00e9 par le chef Stephan Paroche, accompagn\u00e9 de Justine Viano, \u00e9toil\u00e9 depuis 2024.\" \/>\n<meta name=\"robots\" content=\"index, follow, max-snippet:-1, max-image-preview:large, max-video-preview:-1\" \/>\n<link rel=\"canonical\" href=\"https:\/\/restaurantcalice.fr\/en\/reservation\/\" \/>\n<meta property=\"og:locale\" content=\"en_GB\" \/>\n<meta property=\"og:type\" content=\"article\" \/>\n<meta property=\"og:title\" content=\"CALICE | R\u00e9servation\" \/>\n<meta property=\"og:description\" content=\"Restaurant gastronomique \u00e0 B\u00e9ziers, dirig\u00e9 par le chef Stephan Paroche, accompagn\u00e9 de Justine Viano, \u00e9toil\u00e9 depuis 2024.\" \/>\n<meta property=\"og:url\" content=\"https:\/\/restaurantcalice.fr\/en\/reservation\/\" \/>\n<meta property=\"og:site_name\" content=\"CALICE\" \/>\n<meta property=\"article:modified_time\" content=\"2025-04-09T14:03:52+00:00\" \/>\n<meta property=\"og:image\" content=\"https:\/\/restaurantcalice.fr\/wp-content\/uploads\/2023\/10\/facebook.png\" \/>\n\t<meta property=\"og:image:width\" content=\"1200\" \/>\n\t<meta property=\"og:image:height\" content=\"675\" \/>\n\t<meta property=\"og:image:type\" content=\"image\/png\" \/>\n<meta name=\"twitter:card\" content=\"summary_large_image\" \/>\n<meta name=\"twitter:label1\" content=\"Estimated reading time\" \/>\n\t<meta name=\"twitter:data1\" content=\"1 minute\" \/>\n<script type=\"application\/ld+json\" class=\"yoast-schema-graph\">{\"@context\":\"https:\\\/\\\/schema.org\",\"@graph\":[{\"@type\":\"WebPage\",\"@id\":\"https:\\\/\\\/restaurantcalice.fr\\\/reservation\\\/\",\"url\":\"https:\\\/\\\/restaurantcalice.fr\\\/reservation\\\/\",\"name\":\"CALICE | R\u00e9servation\",\"isPartOf\":{\"@id\":\"https:\\\/\\\/restaurantcalice.fr\\\/#website\"},\"datePublished\":\"2024-03-18T15:47:30+00:00\",\"dateModified\":\"2025-04-09T14:03:52+00:00\",\"description\":\"Restaurant gastronomique \u00e0 B\u00e9ziers, dirig\u00e9 par le chef Stephan Paroche, accompagn\u00e9 de Justine Viano, \u00e9toil\u00e9 depuis 2024.\",\"breadcrumb\":{\"@id\":\"https:\\\/\\\/restaurantcalice.fr\\\/reservation\\\/#breadcrumb\"},\"inLanguage\":\"en-GB\",\"potentialAction\":[{\"@type\":\"ReadAction\",\"target\":[\"https:\\\/\\\/restaurantcalice.fr\\\/reservation\\\/\"]}]},{\"@type\":\"BreadcrumbList\",\"@id\":\"https:\\\/\\\/restaurantcalice.fr\\\/reservation\\\/#breadcrumb\",\"itemListElement\":[{\"@type\":\"ListItem\",\"position\":1,\"name\":\"Accueil\",\"item\":\"https:\\\/\\\/restaurantcalice.fr\\\/\"},{\"@type\":\"ListItem\",\"position\":2,\"name\":\"R\u00e9servation\"}]},{\"@type\":\"WebSite\",\"@id\":\"https:\\\/\\\/restaurantcalice.fr\\\/#website\",\"url\":\"https:\\\/\\\/restaurantcalice.fr\\\/\",\"name\":\"CALICE\",\"description\":\"Restaurant gastronomique 1 \u00e9toile \u00e0 B\u00e9ziers\",\"publisher\":{\"@id\":\"https:\\\/\\\/restaurantcalice.fr\\\/#organization\"},\"alternateName\":\"Restaurant gastronomique 1 \u00e9toile \u00e0 B\u00e9ziers\",\"potentialAction\":[{\"@type\":\"SearchAction\",\"target\":{\"@type\":\"EntryPoint\",\"urlTemplate\":\"https:\\\/\\\/restaurantcalice.fr\\\/?s={search_term_string}\"},\"query-input\":{\"@type\":\"PropertyValueSpecification\",\"valueRequired\":true,\"valueName\":\"search_term_string\"}}],\"inLanguage\":\"en-GB\"},{\"@type\":\"Organization\",\"@id\":\"https:\\\/\\\/restaurantcalice.fr\\\/#organization\",\"name\":\"CALICE\",\"url\":\"https:\\\/\\\/restaurantcalice.fr\\\/\",\"logo\":{\"@type\":\"ImageObject\",\"inLanguage\":\"en-GB\",\"@id\":\"https:\\\/\\\/restaurantcalice.fr\\\/#\\\/schema\\\/logo\\\/image\\\/\",\"url\":\"https:\\\/\\\/restaurantcalice.fr\\\/wp-content\\\/uploads\\\/2023\\\/09\\\/logo-calice-2.png\",\"contentUrl\":\"https:\\\/\\\/restaurantcalice.fr\\\/wp-content\\\/uploads\\\/2023\\\/09\\\/logo-calice-2.png\",\"width\":2500,\"height\":2500,\"caption\":\"CALICE\"},\"image\":{\"@id\":\"https:\\\/\\\/restaurantcalice.fr\\\/#\\\/schema\\\/logo\\\/image\\\/\"}}]}<\/script>\n<!-- \/ Yoast SEO plugin. -->","yoast_head_json":{"title":"CALICE | R\u00e9servation","description":"Restaurant gastronomique \u00e0 B\u00e9ziers, dirig\u00e9 par le chef Stephan Paroche, accompagn\u00e9 de Justine Viano, \u00e9toil\u00e9 depuis 2024.","robots":{"index":"index","follow":"follow","max-snippet":"max-snippet:-1","max-image-preview":"max-image-preview:large","max-video-preview":"max-video-preview:-1"},"canonical":"https:\/\/restaurantcalice.fr\/en\/reservation\/","og_locale":"en_GB","og_type":"article","og_title":"CALICE | R\u00e9servation","og_description":"Restaurant gastronomique \u00e0 B\u00e9ziers, dirig\u00e9 par le chef Stephan Paroche, accompagn\u00e9 de Justine Viano, \u00e9toil\u00e9 depuis 2024.","og_url":"https:\/\/restaurantcalice.fr\/en\/reservation\/","og_site_name":"CALICE","article_modified_time":"2025-04-09T14:03:52+00:00","og_image":[{"width":1200,"height":675,"url":"https:\/\/restaurantcalice.fr\/wp-content\/uploads\/2023\/10\/facebook.png","type":"image\/png"}],"twitter_card":"summary_large_image","twitter_misc":{"Estimated reading time":"1 minute"},"schema":{"@context":"https:\/\/schema.org","@graph":[{"@type":"WebPage","@id":"https:\/\/restaurantcalice.fr\/reservation\/","url":"https:\/\/restaurantcalice.fr\/reservation\/","name":"CALICE | R\u00e9servation","isPartOf":{"@id":"https:\/\/restaurantcalice.fr\/#website"},"datePublished":"2024-03-18T15:47:30+00:00","dateModified":"2025-04-09T14:03:52+00:00","description":"Restaurant gastronomique \u00e0 B\u00e9ziers, dirig\u00e9 par le chef Stephan Paroche, accompagn\u00e9 de Justine Viano, \u00e9toil\u00e9 depuis 2024.","breadcrumb":{"@id":"https:\/\/restaurantcalice.fr\/reservation\/#breadcrumb"},"inLanguage":"en-GB","potentialAction":[{"@type":"ReadAction","target":["https:\/\/restaurantcalice.fr\/reservation\/"]}]},{"@type":"BreadcrumbList","@id":"https:\/\/restaurantcalice.fr\/reservation\/#breadcrumb","itemListElement":[{"@type":"ListItem","position":1,"name":"Accueil","item":"https:\/\/restaurantcalice.fr\/"},{"@type":"ListItem","position":2,"name":"R\u00e9servation"}]},{"@type":"WebSite","@id":"https:\/\/restaurantcalice.fr\/#website","url":"https:\/\/restaurantcalice.fr\/","name":"CALICE","description":"Restaurant gastronomique 1 \u00e9toile \u00e0 B\u00e9ziers","publisher":{"@id":"https:\/\/restaurantcalice.fr\/#organization"},"alternateName":"Restaurant gastronomique 1 \u00e9toile \u00e0 B\u00e9ziers","potentialAction":[{"@type":"SearchAction","target":{"@type":"EntryPoint","urlTemplate":"https:\/\/restaurantcalice.fr\/?s={search_term_string}"},"query-input":{"@type":"PropertyValueSpecification","valueRequired":true,"valueName":"search_term_string"}}],"inLanguage":"en-GB"},{"@type":"Organization","@id":"https:\/\/restaurantcalice.fr\/#organization","name":"CALICE","url":"https:\/\/restaurantcalice.fr\/","logo":{"@type":"ImageObject","inLanguage":"en-GB","@id":"https:\/\/restaurantcalice.fr\/#\/schema\/logo\/image\/","url":"https:\/\/restaurantcalice.fr\/wp-content\/uploads\/2023\/09\/logo-calice-2.png","contentUrl":"https:\/\/restaurantcalice.fr\/wp-content\/uploads\/2023\/09\/logo-calice-2.png","width":2500,"height":2500,"caption":"CALICE"},"image":{"@id":"https:\/\/restaurantcalice.fr\/#\/schema\/logo\/image\/"}}]}},"_links":{"self":[{"href":"https:\/\/restaurantcalice.fr\/en\/wp-json\/wp\/v2\/pages\/400","targetHints":{"allow":["GET"]}}],"collection":[{"href":"https:\/\/restaurantcalice.fr\/en\/wp-json\/wp\/v2\/pages"}],"about":[{"href":"https:\/\/restaurantcalice.fr\/en\/wp-json\/wp\/v2\/types\/page"}],"author":[{"embeddable":true,"href":"https:\/\/restaurantcalice.fr\/en\/wp-json\/wp\/v2\/users\/1"}],"replies":[{"embeddable":true,"href":"https:\/\/restaurantcalice.fr\/en\/wp-json\/wp\/v2\/comments?post=400"}],"version-history":[{"count":10,"href":"https:\/\/restaurantcalice.fr\/en\/wp-json\/wp\/v2\/pages\/400\/revisions"}],"predecessor-version":[{"id":1169,"href":"https:\/\/restaurantcalice.fr\/en\/wp-json\/wp\/v2\/pages\/400\/revisions\/1169"}],"wp:attachment":[{"href":"https:\/\/restaurantcalice.fr\/en\/wp-json\/wp\/v2\/media?parent=400"}],"curies":[{"name":"wp","href":"https:\/\/api.w.org\/{rel}","templated":true}]}}